{"id":83,"date":"2025-11-27T16:58:54","date_gmt":"2025-11-27T15:58:54","guid":{"rendered":"http:\/\/marklyon.fr\/?page_id=83"},"modified":"2026-04-09T12:14:57","modified_gmt":"2026-04-09T10:14:57","slug":"biography","status":"publish","type":"page","link":"https:\/\/marklyon.fr\/en\/biography\/","title":{"rendered":"Biography"},"content":{"rendered":"<div class=\"wp-block-columns is-layout-flex wp-container-core-columns-is-layout-9d6595d7 wp-block-columns-is-layout-flex\">\n<div class=\"wp-block-column is-layout-flow wp-block-column-is-layout-flow\">\n<p>Mark Lyon was born a twin in 1952 in La Jolla, California. He has lived and worked in France for the past twenty-five years. For over three decades, he has pursued a wide-ranging body of work in photography (portraiture, architecture, landscape, art, music, literature), resulting in some thirty series, and multiple publications.<\/p>\n\n\n\n<p>In the late 1950s, his parents moved to Connecticut, near New York City. He continued his studies there until the age of sixteen, at which point his school allowed him a year off to \"escape\" to France. His father entrusted him with his Rolleiflex. With this twin lens camera, he set off to discover the world. In 1970, once back in the United States, he studied literature and photography at Bennington College, Vermont. He developed a passion for the literary and artistic avant-garde (Marcel Proust, the Surrealists, Robert Frank, Diane Arbus).<\/p>\n\n\n\n<p>After university, he returned to Paris in 1979, where he worked as co-director of  Zabriskie Gallery. For him, this was a period of decisive encounters: Brassa\u00ef, Juliet Man Ray, Henri Cartier-Bresson, Sophie Calle, Sarah Moon, William Eggleston\u2026 Following this hands-on experience in the art world, he decided to pursue a master's degree in photography at Yale, under the tutelage of photographer Tod Papageorge and art historian Rosalind Krauss. A masterclass with photographer Richard Avedon in the 1990s undoubtedly marked the culmination of his artistic apprenticeship.  Avedon encouraged him to seamlessly connect his various personal projects, editorial work, and private commissions. He introduced him to photographer Bob Richardson, with whom Mark would forge a lasting friendship and collaborate on two books projects. Encouraged by Richardson, he returned to Europe in 1997 and decided to settle in France.<\/p>\n\n\n\n<p>Since then, he produced many photographic series internationally and published several monographs. His first book,&nbsp;<em>PURE<\/em>, publi\u00e9 en 2004 retrace l\u2019adolescence de sa voisine de palier, Raina, \u00e0 New York.&nbsp;<em>Le Collectionneur&nbsp;<\/em>une exposition r\u00e9trospective \u00e0 la Fondation Zervos \u00e0 V\u00e9zelay en 2008 est accompagn\u00e9 d\u2019un ouvrage \u00e9ponyme. A suivi<em>&nbsp;Fantasma de Carne<\/em>&nbsp;(2012) dont les images ont \u00e9t\u00e9 r\u00e9alis\u00e9es \u00e0 Quito, en \u00c9quateur, en dialogue avec un texte de Christine Montalbetti.&nbsp;<em>Les Jardins de la Pirotterie<\/em>, publi\u00e9 en 2016, aborde l\u2019innovation architecturale dans le logement social en France et a fait l\u2019objet d\u2019une exposition \u00e0 l\u2019ENSA Nantes.<\/p>\n\n\n\n<p class=\"translation-block\">Winner of the Fondation des Treilles Photography Prize in 2013, Mark Lyon explored the current migratory issues of the Mediterranean basin, a subject he revisited in 2017 to initiate <em>FREE CONTACTS<\/em>. This project of color portraits of exiles in Italy received a grant for \u201cDocumentary Photography\u201d from the CNAP (National Center for Visual Arts) in 2021 and was exhibited in 2022 at the La Mauvaise R\u00e9putation gallery in Bordeaux.<\/p>\n\n\n\n<p>Enseignant \u00e0 Columbia University et \u00e0 l\u2019ENSAPC, c\u2019est \u00e0 partir de 2018 qu\u2019il se lancera dans la r\u00e9alisation d\u2019un portrait collectif en couleur d\u2019\u00e9tudiant.e.s de l\u2019ENSBA, intitul\u00e9&nbsp;<em>As you like it<\/em>. &nbsp;<\/p>\n\n\n\n<p class=\"translation-block\">More recently, his desire to explore the beliefs of young people led him to conceive \"What do you believe in?\", a work combining portraits and recorded interviews, presented as a diaporama in 2025 at  Arc en R\u00eave, CAPC (Contemporary Art Center) in Bordeaux.<\/p>\n<\/div>\n\n\n\n<div class=\"wp-block-column is-layout-flow wp-block-column-is-layout-flow\">\n<figure class=\"wp-block-image size-full\"><img loading=\"lazy\" decoding=\"async\" width=\"398\" height=\"661\" src=\"http:\/\/marklyon.fr\/wp-content\/uploads\/quatrieme-de-couverture-1.png\" alt=\"\" class=\"wp-image-85\"\/><figcaption class=\"wp-element-caption\">                    \u00a91998 Laura Brunelli\u00e8re<\/figcaption><\/figure>\n<\/div>\n<\/div>\n\n\n\n<div class=\"wp-block-columns is-layout-flex wp-container-core-columns-is-layout-9d6595d7 wp-block-columns-is-layout-flex\">\n<div class=\"wp-block-column is-layout-flow wp-block-column-is-layout-flow\" style=\"flex-basis:100%\">\n<p><strong>Education<\/strong><\/p>\n\n\n\n<p>1992 Masterclass Richard Avedon<\/p>\n\n\n\n<p>1983 MFA,Yale University<\/p>\n\n\n\n<p>1979 BA, Bennington College<\/p>\n\n\n\n<p><strong>Solo exhibitions<\/strong><\/p>\n\n\n\n<p>2026 upcoming: <em>Aorta<\/em>, Centro Internazionale di Fotografia Letizia Battaglia, Palermo (IT)<\/p>\n\n\n\n<p>2022&nbsp;<em>Free Contacts<\/em>, Galerie La Mauvaise R\u00e9putation, Bordeaux (FR)<\/p>\n\n\n\n<p>2017&nbsp;<em>Living Color<\/em>, ENSA, Nantes (FR)<\/p>\n\n\n\n<p>2009&nbsp;<em>Le collectionneur<\/em>, Fondation Christian &amp; Yvonne Zervos,V\u00e9zelay (FR)<\/p>\n<\/div>\n\n\n\n<div class=\"wp-block-column is-layout-flow wp-block-column-is-layout-flow\" style=\"flex-basis:100%\">\n<p><strong>Group exhibitions<\/strong><\/p>\n\n\n\n<p>2025&nbsp;<em>Nouvelles saisons, autoportraits d\u2019un territoire<\/em>, Arc-en-r\u00eave, CAPC, Bordeaux (FR)<\/p>\n\n\n\n<p>2025 <em>LIVING Modernity<\/em>: <em>Experiments in the Exceptional and Everyday 1920s-1970s<\/em>, The National Art Center, Tokyo (JPN)<\/p>\n\n\n\n<p>2024&nbsp;<em>Nouvelle Collection 2023<\/em>, FRAC Nouvelle Aquitaine MECA, Bordeaux (FR)<\/p>\n\n\n\n<p>2023&nbsp;<em>Moviment, Hommage \u00e0 la Fondation des Treilles,&nbsp;<\/em>Centre Pompidou, Paris (FR)<\/p>\n\n\n\n<p>2016 Le Petit Tour #1 \u2013 Rome, Le Bal, Paris (FR)<\/p>\n\n\n\n<p>2015&nbsp;<em>American Journey<\/em>, Galerie R\u00e9tine, Marseille (FR)<\/p>\n\n\n\n<p>2005&nbsp;<em>Diego\u2019s<\/em>, Air de Paris, Paris (FR)<\/p>\n\n\n\n<p>2005&nbsp;Yale University, School of Architecture, New Haven, CT (US)<\/p>\n\n\n\n<p>2005&nbsp;Hammer Museum, Los Angeles, CA (US) 2004 Issue Project Room, N.Y. (US)<\/p>\n\n\n\n<p>2003 Galerie EOF, Paris (FR)<\/p>\n\n\n\n<p>2002&nbsp;<em>Diego\u2019s<\/em>, Air de Paris, Paris (FR)<\/p>\n\n\n\n<p>2000 Millenium de la Mode, Kyoto and Tokyo (JPN) 1999 Robert Mann Gallery, N.Y. (US)<\/p>\n\n\n\n<p>1990 55 Mercer St. Gallery, N.Y. (US)<\/p>\n\n\n\n<p>1989 Cash\/Newhouse Gallery, N.Y. (US)<\/p>\n<\/div>\n\n\n\n<div class=\"wp-block-column is-layout-flow wp-block-column-is-layout-flow\" style=\"flex-basis:100%\">\n<p><strong>Public collections<\/strong><\/p>\n\n\n\n<p>2024 Mus\u00e9e d\u2019Art Moderne de Paris (FR)<\/p>\n\n\n\n<p>2023 FRAC Nouvelle Aquitaine (FR)<\/p>\n\n\n\n<p>2022 Centre National des Arts Plastiques, CNAP (FR)<\/p>\n\n\n\n<p>1985 Yale University Art Gallery, New Haven (US)<\/p>\n\n\n\n<p>1982 Biblioth\u00e8que Nationale, Paris (FR)<\/p>\n\n\n\n<p><strong>Awards, grants &amp; residencies<\/strong><\/p>\n\n\n\n<p>2021 CNAP Soutien \u00e0 la photographie documentaire<\/p>\n\n\n\n<p>2014 La Fondation des Treilles, Prix de la Photographie<\/p>\n\n\n\n<p>2013 Robert Rauschenberg Foundation, r\u00e9sidence Captiva<\/p>\n\n\n\n<p>2008 Graham Foundation Research Grant avec Inderbir Riar<\/p>\n\n\n\n<p>1990 PDN\/Nikon award<\/p>\n\n\n\n<p>1987 Society of Publication Design award<\/p>\n\n\n\n<p>1986 Communication Arts award<\/p>\n<\/div>\n<\/div>\n\n\n<div class=\"wp-block-image\">\n<figure class=\"aligncenter size-full is-resized\"><a href=\"https:\/\/www.pbs.org\/wnet\/americanmasters\/archive\/interview\/mark-lyon\/\"><img loading=\"lazy\" decoding=\"async\" width=\"1459\" height=\"814\" src=\"http:\/\/marklyon.fr\/wp-content\/uploads\/Capture-decran-2026-01-06-a-10.57.00.png\" alt=\"\" class=\"wp-image-1066\" style=\"aspect-ratio:1.792418230920548;width:647px;height:auto\" srcset=\"https:\/\/marklyon.fr\/wp-content\/uploads\/Capture-decran-2026-01-06-a-10.57.00.png 1459w, https:\/\/marklyon.fr\/wp-content\/uploads\/Capture-decran-2026-01-06-a-10.57.00-800x446.png 800w, https:\/\/marklyon.fr\/wp-content\/uploads\/Capture-decran-2026-01-06-a-10.57.00-768x428.png 768w, https:\/\/marklyon.fr\/wp-content\/uploads\/Capture-decran-2026-01-06-a-10.57.00-18x10.png 18w\" sizes=\"auto, (max-width: 1459px) 100vw, 1459px\" \/><\/a><\/figure>\n<\/div>\n\n\n<p class=\"has-text-align-center\"><a href=\"https:\/\/www.pbs.org\/wnet\/americanmasters\/archive\/interview\/mark-lyon\/\" target=\"_blank\" rel=\"noreferrer noopener\"><em>Richard Avedon: Darkness and light<\/em>, PBS 1994<br>American Masters Digital Archive<em>,<\/em> lien vers l&rsquo;interview avec Mark Lyon<\/a><\/p>\n\n\n\n<p><\/p>","protected":false},"excerpt":{"rendered":"<p>Mark Lyon est n\u00e9 en 1952 \u00e0 La Jolla en Californie et vit et travaille en France depuis vingt-cinq ans. Il m\u00e8ne un travail tr\u00e8s large autour de la photographie (portrait, architecture, paysage, art, musique, litt\u00e9rature), qui a notamment donn\u00e9 lieu \u00e0 une trentaine de s\u00e9ries, ainsi qu\u2019\u00e0 plusieurs publications et \u00e9ditions. \u00c0 la fin [&hellip;]<\/p>\n","protected":false},"author":1,"featured_media":0,"parent":0,"menu_order":0,"comment_status":"closed","ping_status":"closed","template":"","meta":{"footnotes":""},"class_list":["post-83","page","type-page","status-publish","hentry"],"acf":[],"yoast_head":"<!-- This site is optimized with the Yoast SEO plugin v27.4 - https:\/\/yoast.com\/product\/yoast-seo-wordpress\/ -->\n<title>Biography - Mark Lyon<\/title>\n<meta name=\"robots\" content=\"index, follow, max-snippet:-1, max-image-preview:large, max-video-preview:-1\" \/>\n<link rel=\"canonical\" href=\"https:\/\/marklyon.fr\/en\/biography\/\" \/>\n<meta property=\"og:locale\" content=\"en_US\" \/>\n<meta property=\"og:type\" content=\"article\" \/>\n<meta property=\"og:title\" content=\"Biography - Mark Lyon\" \/>\n<meta property=\"og:description\" content=\"Mark Lyon est n\u00e9 en 1952 \u00e0 La Jolla en Californie et vit et travaille en France depuis vingt-cinq ans. Il m\u00e8ne un travail tr\u00e8s large autour de la photographie (portrait, architecture, paysage, art, musique, litt\u00e9rature), qui a notamment donn\u00e9 lieu \u00e0 une trentaine de s\u00e9ries, ainsi qu\u2019\u00e0 plusieurs publications et \u00e9ditions. \u00c0 la fin [&hellip;]\" \/>\n<meta property=\"og:url\" content=\"https:\/\/marklyon.fr\/en\/biography\/\" \/>\n<meta property=\"og:site_name\" content=\"Mark Lyon\" \/>\n<meta property=\"article:modified_time\" content=\"2026-04-09T10:14:57+00:00\" \/>\n<meta property=\"og:image\" content=\"https:\/\/marklyon.fr\/wp-content\/uploads\/quatrieme-de-couverture-1.png\" \/>\n\t<meta property=\"og:image:width\" content=\"398\" \/>\n\t<meta property=\"og:image:height\" content=\"661\" \/>\n\t<meta property=\"og:image:type\" content=\"image\/png\" \/>\n<meta name=\"twitter:card\" content=\"summary_large_image\" \/>\n<meta name=\"twitter:label1\" content=\"Est. reading time\" \/>\n\t<meta name=\"twitter:data1\" content=\"4 minutes\" \/>\n<script type=\"application\/ld+json\" class=\"yoast-schema-graph\">{\"@context\":\"https:\\\/\\\/schema.org\",\"@graph\":[{\"@type\":\"WebPage\",\"@id\":\"https:\\\/\\\/marklyon.fr\\\/biography\\\/\",\"url\":\"https:\\\/\\\/marklyon.fr\\\/biography\\\/\",\"name\":\"Biography - Mark Lyon\",\"isPartOf\":{\"@id\":\"https:\\\/\\\/marklyon.fr\\\/#website\"},\"primaryImageOfPage\":{\"@id\":\"https:\\\/\\\/marklyon.fr\\\/biography\\\/#primaryimage\"},\"image\":{\"@id\":\"https:\\\/\\\/marklyon.fr\\\/biography\\\/#primaryimage\"},\"thumbnailUrl\":\"http:\\\/\\\/marklyon.fr\\\/wp-content\\\/uploads\\\/quatrieme-de-couverture-1.png\",\"datePublished\":\"2025-11-27T15:58:54+00:00\",\"dateModified\":\"2026-04-09T10:14:57+00:00\",\"breadcrumb\":{\"@id\":\"https:\\\/\\\/marklyon.fr\\\/biography\\\/#breadcrumb\"},\"inLanguage\":\"en-US\",\"potentialAction\":[{\"@type\":\"ReadAction\",\"target\":[\"https:\\\/\\\/marklyon.fr\\\/biography\\\/\"]}]},{\"@type\":\"ImageObject\",\"inLanguage\":\"en-US\",\"@id\":\"https:\\\/\\\/marklyon.fr\\\/biography\\\/#primaryimage\",\"url\":\"http:\\\/\\\/marklyon.fr\\\/wp-content\\\/uploads\\\/quatrieme-de-couverture-1.png\",\"contentUrl\":\"http:\\\/\\\/marklyon.fr\\\/wp-content\\\/uploads\\\/quatrieme-de-couverture-1.png\"},{\"@type\":\"BreadcrumbList\",\"@id\":\"https:\\\/\\\/marklyon.fr\\\/biography\\\/#breadcrumb\",\"itemListElement\":[{\"@type\":\"ListItem\",\"position\":1,\"name\":\"Home\",\"item\":\"https:\\\/\\\/marklyon.fr\\\/\"},{\"@type\":\"ListItem\",\"position\":2,\"name\":\"Biography\"}]},{\"@type\":\"WebSite\",\"@id\":\"https:\\\/\\\/marklyon.fr\\\/#website\",\"url\":\"https:\\\/\\\/marklyon.fr\\\/\",\"name\":\"Mark Lyon\",\"description\":\"\",\"publisher\":{\"@id\":\"https:\\\/\\\/marklyon.fr\\\/#\\\/schema\\\/person\\\/e3156bce941430acc3de8c99e629e914\"},\"potentialAction\":[{\"@type\":\"SearchAction\",\"target\":{\"@type\":\"EntryPoint\",\"urlTemplate\":\"https:\\\/\\\/marklyon.fr\\\/?s={search_term_string}\"},\"query-input\":{\"@type\":\"PropertyValueSpecification\",\"valueRequired\":true,\"valueName\":\"search_term_string\"}}],\"inLanguage\":\"en-US\"},{\"@type\":[\"Person\",\"Organization\"],\"@id\":\"https:\\\/\\\/marklyon.fr\\\/#\\\/schema\\\/person\\\/e3156bce941430acc3de8c99e629e914\",\"name\":\"marklyon\",\"image\":{\"@type\":\"ImageObject\",\"inLanguage\":\"en-US\",\"@id\":\"https:\\\/\\\/marklyon.fr\\\/wp-content\\\/uploads\\\/quatrieme-de-couverture-1.png\",\"url\":\"https:\\\/\\\/marklyon.fr\\\/wp-content\\\/uploads\\\/quatrieme-de-couverture-1.png\",\"contentUrl\":\"https:\\\/\\\/marklyon.fr\\\/wp-content\\\/uploads\\\/quatrieme-de-couverture-1.png\",\"width\":398,\"height\":661,\"caption\":\"marklyon\"},\"logo\":{\"@id\":\"https:\\\/\\\/marklyon.fr\\\/wp-content\\\/uploads\\\/quatrieme-de-couverture-1.png\"},\"sameAs\":[\"http:\\\/\\\/marklyon.fr\"]}]}<\/script>\n<!-- \/ Yoast SEO plugin. -->","yoast_head_json":{"title":"Biography - Mark Lyon","robots":{"index":"index","follow":"follow","max-snippet":"max-snippet:-1","max-image-preview":"max-image-preview:large","max-video-preview":"max-video-preview:-1"},"canonical":"https:\/\/marklyon.fr\/en\/biography\/","og_locale":"en_US","og_type":"article","og_title":"Biography - Mark Lyon","og_description":"Mark Lyon est n\u00e9 en 1952 \u00e0 La Jolla en Californie et vit et travaille en France depuis vingt-cinq ans. Il m\u00e8ne un travail tr\u00e8s large autour de la photographie (portrait, architecture, paysage, art, musique, litt\u00e9rature), qui a notamment donn\u00e9 lieu \u00e0 une trentaine de s\u00e9ries, ainsi qu\u2019\u00e0 plusieurs publications et \u00e9ditions. \u00c0 la fin [&hellip;]","og_url":"https:\/\/marklyon.fr\/en\/biography\/","og_site_name":"Mark Lyon","article_modified_time":"2026-04-09T10:14:57+00:00","og_image":[{"width":398,"height":661,"url":"https:\/\/marklyon.fr\/wp-content\/uploads\/quatrieme-de-couverture-1.png","type":"image\/png"}],"twitter_card":"summary_large_image","twitter_misc":{"Est. reading time":"4 minutes"},"schema":{"@context":"https:\/\/schema.org","@graph":[{"@type":"WebPage","@id":"https:\/\/marklyon.fr\/biography\/","url":"https:\/\/marklyon.fr\/biography\/","name":"Biography - Mark Lyon","isPartOf":{"@id":"https:\/\/marklyon.fr\/#website"},"primaryImageOfPage":{"@id":"https:\/\/marklyon.fr\/biography\/#primaryimage"},"image":{"@id":"https:\/\/marklyon.fr\/biography\/#primaryimage"},"thumbnailUrl":"http:\/\/marklyon.fr\/wp-content\/uploads\/quatrieme-de-couverture-1.png","datePublished":"2025-11-27T15:58:54+00:00","dateModified":"2026-04-09T10:14:57+00:00","breadcrumb":{"@id":"https:\/\/marklyon.fr\/biography\/#breadcrumb"},"inLanguage":"en-US","potentialAction":[{"@type":"ReadAction","target":["https:\/\/marklyon.fr\/biography\/"]}]},{"@type":"ImageObject","inLanguage":"en-US","@id":"https:\/\/marklyon.fr\/biography\/#primaryimage","url":"http:\/\/marklyon.fr\/wp-content\/uploads\/quatrieme-de-couverture-1.png","contentUrl":"http:\/\/marklyon.fr\/wp-content\/uploads\/quatrieme-de-couverture-1.png"},{"@type":"BreadcrumbList","@id":"https:\/\/marklyon.fr\/biography\/#breadcrumb","itemListElement":[{"@type":"ListItem","position":1,"name":"Home","item":"https:\/\/marklyon.fr\/"},{"@type":"ListItem","position":2,"name":"Biography"}]},{"@type":"WebSite","@id":"https:\/\/marklyon.fr\/#website","url":"https:\/\/marklyon.fr\/","name":"Mark Lyon","description":"","publisher":{"@id":"https:\/\/marklyon.fr\/#\/schema\/person\/e3156bce941430acc3de8c99e629e914"},"potentialAction":[{"@type":"SearchAction","target":{"@type":"EntryPoint","urlTemplate":"https:\/\/marklyon.fr\/?s={search_term_string}"},"query-input":{"@type":"PropertyValueSpecification","valueRequired":true,"valueName":"search_term_string"}}],"inLanguage":"en-US"},{"@type":["Person","Organization"],"@id":"https:\/\/marklyon.fr\/#\/schema\/person\/e3156bce941430acc3de8c99e629e914","name":"marklyon","image":{"@type":"ImageObject","inLanguage":"en-US","@id":"https:\/\/marklyon.fr\/wp-content\/uploads\/quatrieme-de-couverture-1.png","url":"https:\/\/marklyon.fr\/wp-content\/uploads\/quatrieme-de-couverture-1.png","contentUrl":"https:\/\/marklyon.fr\/wp-content\/uploads\/quatrieme-de-couverture-1.png","width":398,"height":661,"caption":"marklyon"},"logo":{"@id":"https:\/\/marklyon.fr\/wp-content\/uploads\/quatrieme-de-couverture-1.png"},"sameAs":["http:\/\/marklyon.fr"]}]}},"_links":{"self":[{"href":"https:\/\/marklyon.fr\/en\/wp-json\/wp\/v2\/pages\/83","targetHints":{"allow":["GET"]}}],"collection":[{"href":"https:\/\/marklyon.fr\/en\/wp-json\/wp\/v2\/pages"}],"about":[{"href":"https:\/\/marklyon.fr\/en\/wp-json\/wp\/v2\/types\/page"}],"author":[{"embeddable":true,"href":"https:\/\/marklyon.fr\/en\/wp-json\/wp\/v2\/users\/1"}],"replies":[{"embeddable":true,"href":"https:\/\/marklyon.fr\/en\/wp-json\/wp\/v2\/comments?post=83"}],"version-history":[{"count":49,"href":"https:\/\/marklyon.fr\/en\/wp-json\/wp\/v2\/pages\/83\/revisions"}],"predecessor-version":[{"id":1178,"href":"https:\/\/marklyon.fr\/en\/wp-json\/wp\/v2\/pages\/83\/revisions\/1178"}],"wp:attachment":[{"href":"https:\/\/marklyon.fr\/en\/wp-json\/wp\/v2\/media?parent=83"}],"curies":[{"name":"wp","href":"https:\/\/api.w.org\/{rel}","templated":true}]}}